{"id":6023,"date":"2017-07-31T21:12:39","date_gmt":"2017-07-31T19:12:39","guid":{"rendered":"https:\/\/studiolegalecutolo.com\/?page_id=6023"},"modified":"2022-01-25T16:34:45","modified_gmt":"2022-01-25T15:34:45","slug":"attivita","status":"publish","type":"page","link":"https:\/\/studiolegalecutolo.com\/?page_id=6023","title":{"rendered":"Attivit\u00e0"},"content":{"rendered":"<section class=\"l-section wpb_row height_small width_full color_primary with_img\"><div class=\"l-section-img\" data-img-width=\"1920\" data-img-height=\"1080\" style=\"background-image: url(https:\/\/studiolegalecutolo.com\/wp-content\/uploads\/2017\/07\/sfondo1.jpg);\"><\/div><div class=\"l-section-overlay\" style=\"background:rgba(0,0,0,0.5)\"><\/div><div class=\"l-section-h i-cf\"><div class=\"g-cols vc_row via_flex valign_top type_boxes stacking_default\"><div class=\"vc_col-sm-12 wpb_column vc_column_container\"><div class=\"vc_column-inner\"><div class=\"wpb_wrapper\"><div class=\"wpb_text_column\"><div class=\"wpb_wrapper\"><h1>Attivit\u00e0<\/h1>\n<p>Assistenza qualificata, tempestiva ed efficiente<\/p>\n<\/div><\/div><\/div><\/div><\/div><\/div><\/div><\/section><section class=\"l-section wpb_row height_large\"><div class=\"l-section-h i-cf\"><div class=\"g-cols vc_row via_flex valign_top type_default stacking_default\"><div class=\"vc_col-sm-12 wpb_column vc_column_container us_animate_afb\"><div class=\"vc_column-inner\"><div class=\"wpb_wrapper\"><div class=\"g-cols wpb_row via_flex valign_top type_default stacking_default\"><div class=\"vc_col-sm-12 wpb_column vc_column_container\"><div class=\"vc_column-inner\"><div class=\"wpb_wrapper\"><div class=\"wpb_text_column\"><div class=\"wpb_wrapper\"><h2 style=\"text-align: center;\">Aree di attivit\u00e0<\/h2>\n<\/div><\/div><div class=\"w-separator size_custom\" style=\"height:32px\"><\/div><\/div><\/div><\/div><\/div><div class=\"g-cols wpb_row via_flex valign_top type_default stacking_default\"><div class=\"vc_col-sm-6 wpb_column vc_column_container\"><div class=\"vc_column-inner\"><div class=\"wpb_wrapper\"><div class=\"wpb_text_column\"><div class=\"wpb_wrapper\"><p>Lo Studio Legale Cutolo &amp; Partners offre consulenza, assistenza e rappresentanza processuale in diritto civile, destinata principalmente a privati, liberi professionisti, piccole e medie imprese.<\/p>\n<p>Il principale obiettivo dello Studio Legale Cutolo &amp; Partners \u00e8 quello di garantire una tutela adeguata ai propri Clienti, instaurando con loro un rapporto di incondizionata fiducia.<\/p>\n<p>Lo Studio Legale Cutolo &amp; Partners \u00e8 in grado di fornire, altres\u00ec, un servizio legale efficiente, efficace e approfondito in tutta Italia grazie ad una capillare rete di collegamenti con altri studi professionali.<\/p>\n<\/div><\/div><\/div><\/div><\/div><div class=\"vc_col-sm-6 wpb_column vc_column_container\"><div class=\"vc_column-inner\"><div class=\"wpb_wrapper\"><div class=\"wpb_text_column\"><div class=\"wpb_wrapper\"><p>Lo Studio Legale Cutolo &amp; Partners ha maturato un&#8217; esperienza significativa in materia di:<\/p>\n<ul>\n<li>Risarcimento danni da colpa medica e professionale, da infortunio sul lavoro, da incidente stradale;<\/li>\n<li>Locazioni: sfratti o licenze per finita locazione di immobili ad uso abitativo e diverso dall&#8217;abitazione, sfratti per morosit\u00e0;<\/li>\n<li>Recupero crediti: esecuzioni mobiliari ed immobiliari, istanze di fallimento;<\/li>\n<li>Diritto del lavoro: assistenza a vertenze stragiudiziali e giudiziali in rapporti di lavoro subordinato e parasubordinato.<\/li>\n<\/ul>\n<\/div><\/div><\/div><\/div><\/div><\/div><\/div><\/div><\/div><\/div><\/div><\/section><section class=\"l-section wpb_row height_large color_alternate\"><div class=\"l-section-h i-cf\"><div class=\"g-cols vc_row via_flex valign_top type_default stacking_default\"><div class=\"vc_col-sm-12 wpb_column vc_column_container us_animate_afb\"><div class=\"vc_column-inner\"><div class=\"wpb_wrapper\"><div class=\"g-cols wpb_row via_flex valign_top type_default stacking_default\"><div class=\"vc_col-sm-12 wpb_column vc_column_container\"><div class=\"vc_column-inner\"><div class=\"wpb_wrapper\"><div class=\"wpb_text_column\"><div class=\"wpb_wrapper\"><h2 style=\"text-align: center;\">Le specializzazioni<\/h2>\n<\/div><\/div><div class=\"w-separator size_custom\" style=\"height:32px\"><\/div><\/div><\/div><\/div><\/div><div class=\"g-cols wpb_row via_flex valign_top type_default stacking_default\"><div class=\"vc_col-sm-4 wpb_column vc_column_container\"><div class=\"vc_column-inner\"><div class=\"wpb_wrapper\"><div class=\"wpb_text_column\"><div class=\"wpb_wrapper\"><h3>Diritto civile<\/h3>\n<p>Gestione dei rapporti tra privati e delle controversie legate a contratti, obbligazioni e altri tipi di rapporto, oltre a tutto ci\u00f2 che \u00e8 legato alla famiglia e alla responsabilit\u00e0 civile del singolo individuo.<\/p>\n<\/div><\/div><\/div><\/div><\/div><div class=\"vc_col-sm-4 wpb_column vc_column_container\"><div class=\"vc_column-inner\"><div class=\"wpb_wrapper\"><div class=\"wpb_text_column\"><div class=\"wpb_wrapper\"><h3>Diritto societario<\/h3>\n<p>Tutto ci\u00f2 che \u00e8 legato alle imprese, siano esse guidate da persone fisiche o persone giuridiche e come queste si interfaccino legalmente sia con il pubblico che con i singoli soci.<\/p>\n<\/div><\/div><\/div><\/div><\/div><div class=\"vc_col-sm-4 wpb_column vc_column_container\"><div class=\"vc_column-inner\"><div class=\"wpb_wrapper\"><div class=\"wpb_text_column\"><div class=\"wpb_wrapper\"><h3>Diritto tributario<\/h3>\n<p>Il diritto tributario \u00e8 una parte del diritto finanziario che si occupa della gestione dei tributi. Se hai avuto un problema con il fisco o se sei stato tassato ingiustamente, puoi rivolgerti a noi.<\/p>\n<\/div><\/div><\/div><\/div><\/div><\/div><div class=\"w-separator size_custom\" style=\"height:32px\"><\/div><div class=\"g-cols wpb_row via_flex valign_top type_default stacking_default\"><div class=\"vc_col-sm-4 wpb_column vc_column_container\"><div class=\"vc_column-inner\"><div class=\"wpb_wrapper\"><div class=\"wpb_text_column\"><div class=\"wpb_wrapper\"><h3>Diritto del lavoro<\/h3>\n<p>Ci occupiamo della risoluzione di controversie che riguardano il rapporto tra i lavoratori e le aziende o tra liberi professionisti e di tutto ci\u00f2 che riguarda la previdenza e sicurezza sociale.<\/p>\n<\/div><\/div><\/div><\/div><\/div><div class=\"vc_col-sm-4 wpb_column vc_column_container\"><div class=\"vc_column-inner\"><div class=\"wpb_wrapper\"><div class=\"wpb_text_column\"><div class=\"wpb_wrapper\"><h3>Diritto amministrativo<\/h3>\n<p>Rientra nel diritto amministrativo la gestione del rapporto tra le pubbliche istituzioni e i privati cittadini o le aziende, le quali spesso richiedono assistenza sulla parte burocratica del loro lavoro.<\/p>\n<\/div><\/div><\/div><\/div><\/div><div class=\"vc_col-sm-4 wpb_column vc_column_container\"><div class=\"vc_column-inner\"><div class=\"wpb_wrapper\"><div class=\"wpb_text_column\"><div class=\"wpb_wrapper\"><h3>Contratti e recupero crediti<\/h3>\n<p>Assistenza in ambito contrattuale ed extracontrattuale su responsabilit\u00e0 medica, in particolare per quanto riguarda risarcimenti in campo sanitario, per incidenti stradali e incidenti sul lavoro.<\/p>\n<\/div><\/div><\/div><\/div><\/div><\/div><div class=\"g-cols wpb_row via_flex valign_top type_default stacking_default\"><div class=\"vc_col-sm-12 wpb_column vc_column_container\"><div class=\"vc_column-inner\"><div class=\"wpb_wrapper\"><div class=\"w-separator size_custom\" style=\"height:32px\"><\/div><div class=\"w-btn-wrapper align_center\"><a class=\"w-btn us-btn-style_2 us_custom_f73f4019\" href=\"#contattaci\"><span class=\"w-btn-label\">Contattaci<\/span><\/a><\/div><\/div><\/div><\/div><\/div><\/div><\/div><\/div><\/div><\/div><\/section><section class=\"l-section wpb_row height_huge width_full color_primary with_img parallax_fixed\"><div class=\"l-section-img\" data-img-width=\"1920\" data-img-height=\"1080\" style=\"background-image: url(https:\/\/studiolegalecutolo.com\/wp-content\/uploads\/2017\/07\/quote.jpg);\"><\/div><div class=\"l-section-overlay\" style=\"background:rgba(0,0,0,0.5)\"><\/div><div class=\"l-section-h i-cf\"><div class=\"g-cols vc_row via_flex valign_top type_boxes stacking_default\"><div class=\"vc_col-sm-12 wpb_column vc_column_container us_animate_fade\"><div class=\"vc_column-inner\"><div class=\"wpb_wrapper\">[vc_custom_heading text=&#8221;&#8220;Non pu\u00f2 esistere societ\u00e0 umana senza diritto.&#8220;<br \/>\n<small><em>Karl Popper<\/em><\/small>&#8221; font_container=&#8221;tag:h2|font_size:48px|text_align:center&#8221; google_fonts=&#8221;font_family:Lato%3A100%2C100italic%2C300%2C300italic%2Cregular%2Citalic%2C700%2C700italic%2C900%2C900italic|font_style:400%20italic%3A400%3Aitalic&#8221; css=&#8221;%7B%22default%22%3A%7B%22font-size%22%3A%2248px%22%7D%7D&#8221;]<\/div><\/div><\/div><\/div><\/div><\/section><section class=\"l-section wpb_row height_large\" id=\"contattaci\"><div class=\"l-section-h i-cf\"><div class=\"g-cols vc_row via_flex valign_top type_default stacking_default\"><div class=\"vc_col-sm-12 vc_col-md-offset-2 vc_col-md-8 wpb_column vc_column_container us_animate_afb\"><div class=\"vc_column-inner\"><div class=\"wpb_wrapper\"><div class=\"wpb_text_column\"><div class=\"wpb_wrapper\"><h2 style=\"text-align: center;\">Contattaci<\/h2>\n<p style=\"text-align: center;\">Se vuoi chiedere una consulenza, devi soltanto compilare questo modulo con tutti i tuoi dati e sarai ricontattato appena possibile.<\/p>\n<\/div><\/div>\n<div class=\"wpcf7 no-js\" id=\"wpcf7-f6151-o1\" lang=\"it-IT\" dir=\"ltr\" data-wpcf7-id=\"6151\">\n<div class=\"screen-reader-response\"><p role=\"status\" aria-live=\"polite\" aria-atomic=\"true\"><\/p> <ul><\/ul><\/div>\n<form action=\"\/index.php?rest_route=%2Fwp%2Fv2%2Fpages%2F6023#wpcf7-f6151-o1\" method=\"post\" class=\"wpcf7-form init\" aria-label=\"Modulo di contatto\" enctype=\"multipart\/form-data\" novalidate=\"novalidate\" data-status=\"init\">\n<fieldset class=\"hidden-fields-container\"><input type=\"hidden\" name=\"_wpcf7\" value=\"6151\" \/><input type=\"hidden\" name=\"_wpcf7_version\" value=\"6.1.5\" \/><input type=\"hidden\" name=\"_wpcf7_locale\" value=\"it_IT\" \/><input type=\"hidden\" name=\"_wpcf7_unit_tag\" value=\"wpcf7-f6151-o1\" \/><input type=\"hidden\" name=\"_wpcf7_container_post\" value=\"0\" \/><input type=\"hidden\" name=\"_wpcf7_posted_data_hash\" value=\"\" \/><input type=\"hidden\" name=\"_wpcf7_recaptcha_response\" value=\"\" \/>\n<\/fieldset>\n<p><span class=\"wpcf7-form-control-wrap\" data-name=\"your-name\"><input size=\"40\" maxlength=\"400\" class=\"wpcf7-form-control wpcf7-text wpcf7-validates-as-required\" aria-required=\"true\" aria-invalid=\"false\" placeholder=\"Nome*\" value=\"\" type=\"text\" name=\"your-name\" \/><\/span>\n<\/p>\n<p><span class=\"wpcf7-form-control-wrap\" data-name=\"your-email\"><input size=\"40\" maxlength=\"400\" class=\"wpcf7-form-control wpcf7-email wpcf7-validates-as-required wpcf7-text wpcf7-validates-as-email\" aria-required=\"true\" aria-invalid=\"false\" placeholder=\"Email*\" value=\"\" type=\"email\" name=\"your-email\" \/><\/span>\n<\/p>\n<p><span class=\"wpcf7-form-control-wrap\" data-name=\"tel-288\"><input size=\"40\" maxlength=\"400\" class=\"wpcf7-form-control wpcf7-tel wpcf7-validates-as-required wpcf7-text wpcf7-validates-as-tel\" aria-required=\"true\" aria-invalid=\"false\" placeholder=\"Telefono*\" value=\"\" type=\"tel\" name=\"tel-288\" \/><\/span>\n<\/p>\n<p><span class=\"wpcf7-form-control-wrap\" data-name=\"your-message\"><textarea cols=\"40\" rows=\"10\" maxlength=\"2000\" class=\"wpcf7-form-control wpcf7-textarea\" aria-invalid=\"false\" placeholder=\"Messaggio*\" name=\"your-message\"><\/textarea><\/span>\n<\/p>\n<p><label>Carica la documentazione (opzionale)<br \/>\n<span class=\"wpcf7-form-control-wrap\" data-name=\"file-821\"><input size=\"40\" class=\"wpcf7-form-control wpcf7-file\" accept=\".pdf,.doc,.docx\" aria-invalid=\"false\" type=\"file\" name=\"file-821\" \/><\/span><\/label>\n<\/p>\n<p><input class=\"wpcf7-form-control wpcf7-submit has-spinner\" type=\"submit\" value=\"Invia Messaggio\" \/>\n<\/p><div class=\"wpcf7-response-output\" aria-hidden=\"true\"><\/div>\n<\/form>\n<\/div>\n<\/div><\/div><\/div><\/div><\/div><\/section>\n","protected":false},"excerpt":{"rendered":"Attivit\u00e0 Assistenza qualificata, tempestiva ed efficiente Aree di attivit\u00e0 Lo Studio Legale Cutolo &amp; Partners offre consulenza, assistenza e rappresentanza processuale in diritto civile, destinata principalmente a privati, liberi professionisti, piccole e medie imprese. Il principale obiettivo dello Studio Legale Cutolo &amp; Partners \u00e8 quello di garantire una tutela adeguata ai propri Clienti, instaurando con...","protected":false},"author":1,"featured_media":0,"parent":0,"menu_order":0,"comment_status":"closed","ping_status":"closed","template":"","meta":{"footnotes":""},"class_list":["post-6023","page","type-page","status-publish","hentry"],"_links":{"self":[{"href":"https:\/\/studiolegalecutolo.com\/index.php?rest_route=\/wp\/v2\/pages\/6023","targetHints":{"allow":["GET"]}}],"collection":[{"href":"https:\/\/studiolegalecutolo.com\/index.php?rest_route=\/wp\/v2\/pages"}],"about":[{"href":"https:\/\/studiolegalecutolo.com\/index.php?rest_route=\/wp\/v2\/types\/page"}],"author":[{"embeddable":true,"href":"https:\/\/studiolegalecutolo.com\/index.php?rest_route=\/wp\/v2\/users\/1"}],"replies":[{"embeddable":true,"href":"https:\/\/studiolegalecutolo.com\/index.php?rest_route=%2Fwp%2Fv2%2Fcomments&post=6023"}],"version-history":[{"count":21,"href":"https:\/\/studiolegalecutolo.com\/index.php?rest_route=\/wp\/v2\/pages\/6023\/revisions"}],"predecessor-version":[{"id":6191,"href":"https:\/\/studiolegalecutolo.com\/index.php?rest_route=\/wp\/v2\/pages\/6023\/revisions\/6191"}],"wp:attachment":[{"href":"https:\/\/studiolegalecutolo.com\/index.php?rest_route=%2Fwp%2Fv2%2Fmedia&parent=6023"}],"curies":[{"name":"wp","href":"https:\/\/api.w.org\/{rel}","templated":true}]}}