{"id":6032,"date":"2017-07-31T21:31:26","date_gmt":"2017-07-31T19:31:26","guid":{"rendered":"https:\/\/studiolegalecutolo.com\/?page_id=6032"},"modified":"2025-03-17T17:26:38","modified_gmt":"2025-03-17T16:26:38","slug":"lo-studio","status":"publish","type":"page","link":"https:\/\/studiolegalecutolo.com\/?page_id=6032","title":{"rendered":"Lo Studio"},"content":{"rendered":"<section class=\"l-section wpb_row height_small width_full color_primary with_img\"><div class=\"l-section-img\" data-img-width=\"1920\" data-img-height=\"1080\" style=\"background-image: url(https:\/\/studiolegalecutolo.com\/wp-content\/uploads\/2017\/07\/books.jpg);\"><\/div><div class=\"l-section-overlay\" style=\"background:rgba(0,0,0,0.5)\"><\/div><div class=\"l-section-h i-cf\"><div class=\"g-cols vc_row via_flex valign_top type_boxes stacking_default\"><div class=\"vc_col-sm-12 wpb_column vc_column_container\"><div class=\"vc_column-inner\"><div class=\"wpb_wrapper\"><div class=\"wpb_text_column\"><div class=\"wpb_wrapper\"><h1>Lo Studio<\/h1>\n<p>\u201cUn diritto non \u00e8 ci\u00f2 che ti viene dato da qualcuno; \u00e8 ci\u00f2 che nessuno pu\u00f2 toglierti.\u201d<\/p>\n<\/div><\/div><\/div><\/div><\/div><\/div><\/div><\/section><section class=\"l-section wpb_row height_large\"><div class=\"l-section-h i-cf\"><div class=\"g-cols vc_row via_flex valign_top type_default stacking_default\"><div class=\"vc_col-sm-12 vc_col-md-offset-2 vc_col-md-8 wpb_column vc_column_container\"><div class=\"vc_column-inner us_custom_60e9caca us_animate_this\"><div class=\"wpb_wrapper\"><div class=\"wpb_text_column\"><div class=\"wpb_wrapper\"><p style=\"text-align: center;\">Lo Studio Cutolo&amp;Partners ha la sede principale a San Gennaro Vesuviano (NA), in via Ottaviano, 147 e studi a San Giuseppe Vesuviano (NA).<\/p>\n<p style=\"text-align: center;\">Il nostro pregio: la capacit\u00e0 di ascoltare il cliente e di dargli l&#8217;attenzione che merita.<\/p>\n<\/div><\/div><div class=\"w-btn-wrapper align_center\"><a class=\"w-btn us-btn-style_3 us_custom_f73f4019\" href=\"#contattaci\"><span class=\"w-btn-label\">Contattaci<\/span><\/a><\/div><\/div><\/div><\/div><\/div><\/div><\/section><section class=\"l-section wpb_row height_auto width_full color_alternate\"><div class=\"l-section-h i-cf\"><div class=\"g-cols vc_row via_flex valign_middle type_boxes stacking_default\"><div class=\"vc_col-sm-4 wpb_column vc_column_container has_bg_color\"><div class=\"vc_column-inner us_custom_63acd781\"><div class=\"wpb_wrapper\"><div class=\"w-separator size_custom\" style=\"height:350\"><\/div><\/div><\/div><\/div><div class=\"vc_col-sm-8 wpb_column vc_column_container\"><div class=\"vc_column-inner us_custom_47474b22 us_animate_this\"><div class=\"wpb_wrapper\"><div class=\"wpb_text_column\"><div class=\"wpb_wrapper\"><h2>Avv. Francesco Cutolo<\/h2>\n<p>L&#8217;Avv. Francesco Cutolo, nato nel 1985, iscritto all\u2019Ordine degli Avvocati di Nola al numero 5491, \u00e8 il fondatore dello Studio Legale Cutolo &amp; Partners.<\/p>\n<p>Principali competenze: assistenza e difesa per il risarcimento dei danni patrimoniali e biologici in caso di sinistro stradale, infortuni e incidenti personali di varia natura occorsi in luoghi pubblici o privati; Locazioni: sfratti o licenze per finita locazione di immobili ad uso abitativo e diverso dall&#8217;abitazione, sfratti per morosit\u00e0; Recupero crediti: esecuzioni mobiliari ed immobiliari, istanze di fallimento; Diritto del lavoro: assistenza a vertenze stragiudiziali e giudiziali in rapporti di lavoro subordinato e parasubordinato.<\/p>\n<\/div><\/div><\/div><\/div><\/div><\/div><\/div><\/section><section class=\"l-section wpb_row height_huge width_full color_primary with_img parallax_fixed\"><div class=\"l-section-img\" data-img-width=\"1920\" data-img-height=\"1080\" style=\"background-image: url(https:\/\/studiolegalecutolo.com\/wp-content\/uploads\/2017\/07\/law.jpg);\"><\/div><div class=\"l-section-overlay\" style=\"background:rgba(0,0,0,0.5)\"><\/div><div class=\"l-section-h i-cf\"><div class=\"g-cols vc_row via_flex valign_top type_boxes stacking_default\"><div class=\"vc_col-sm-12 wpb_column vc_column_container\"><div class=\"vc_column-inner us_custom_a518f36e us_animate_this\"><div class=\"wpb_wrapper\">[vc_custom_heading text=&#8221;&#8220;La giustizia \u00e8 la volont\u00e0 costante e perpetua di riconoscere a ciascuno il suo diritto.&#8220;<\/p>\n<p><small><em>Giustiniano I<\/em><\/small>&#8221; font_container=&#8221;tag:h2|font_size:48px|text_align:center&#8221; google_fonts=&#8221;font_family:Lato%3A100%2C100italic%2C300%2C300italic%2Cregular%2Citalic%2C700%2C700italic%2C900%2C900italic|font_style:400%20italic%3A400%3Aitalic&#8221; css=&#8221;%7B%22default%22%3A%7B%22font-size%22%3A%2248px%22%7D%7D&#8221;]<\/div><\/div><\/div><\/div><\/div><\/section><section class=\"l-section wpb_row height_large\" id=\"contattaci\"><div class=\"l-section-h i-cf\"><div class=\"g-cols vc_row via_flex valign_top type_default stacking_default\"><div class=\"vc_col-sm-12 vc_col-md-offset-2 vc_col-md-8 wpb_column vc_column_container\"><div class=\"vc_column-inner us_custom_60e9caca us_animate_this\"><div class=\"wpb_wrapper\"><div class=\"wpb_text_column\"><div class=\"wpb_wrapper\"><h2 style=\"text-align: center;\">Contattaci<\/h2>\n<p style=\"text-align: center;\">Vuoi richiedere una consulenza?<br \/>\nCompila questo modulo e ti ricontatteremo al pi\u00f9 presto possibile.<\/p>\n<\/div><\/div>\n<div class=\"wpcf7 no-js\" id=\"wpcf7-f6151-o1\" lang=\"it-IT\" dir=\"ltr\" data-wpcf7-id=\"6151\">\n<div class=\"screen-reader-response\"><p role=\"status\" aria-live=\"polite\" aria-atomic=\"true\"><\/p> <ul><\/ul><\/div>\n<form action=\"\/index.php?rest_route=%2Fwp%2Fv2%2Fpages%2F6032#wpcf7-f6151-o1\" method=\"post\" class=\"wpcf7-form init\" aria-label=\"Modulo di contatto\" enctype=\"multipart\/form-data\" novalidate=\"novalidate\" data-status=\"init\">\n<fieldset class=\"hidden-fields-container\"><input type=\"hidden\" name=\"_wpcf7\" value=\"6151\" \/><input type=\"hidden\" name=\"_wpcf7_version\" value=\"6.1.5\" \/><input type=\"hidden\" name=\"_wpcf7_locale\" value=\"it_IT\" \/><input type=\"hidden\" name=\"_wpcf7_unit_tag\" value=\"wpcf7-f6151-o1\" \/><input type=\"hidden\" name=\"_wpcf7_container_post\" value=\"0\" \/><input type=\"hidden\" name=\"_wpcf7_posted_data_hash\" value=\"\" \/><input type=\"hidden\" name=\"_wpcf7_recaptcha_response\" value=\"\" \/>\n<\/fieldset>\n<p><span class=\"wpcf7-form-control-wrap\" data-name=\"your-name\"><input size=\"40\" maxlength=\"400\" class=\"wpcf7-form-control wpcf7-text wpcf7-validates-as-required\" aria-required=\"true\" aria-invalid=\"false\" placeholder=\"Nome*\" value=\"\" type=\"text\" name=\"your-name\" \/><\/span>\n<\/p>\n<p><span class=\"wpcf7-form-control-wrap\" data-name=\"your-email\"><input size=\"40\" maxlength=\"400\" class=\"wpcf7-form-control wpcf7-email wpcf7-validates-as-required wpcf7-text wpcf7-validates-as-email\" aria-required=\"true\" aria-invalid=\"false\" placeholder=\"Email*\" value=\"\" type=\"email\" name=\"your-email\" \/><\/span>\n<\/p>\n<p><span class=\"wpcf7-form-control-wrap\" data-name=\"tel-288\"><input size=\"40\" maxlength=\"400\" class=\"wpcf7-form-control wpcf7-tel wpcf7-validates-as-required wpcf7-text wpcf7-validates-as-tel\" aria-required=\"true\" aria-invalid=\"false\" placeholder=\"Telefono*\" value=\"\" type=\"tel\" name=\"tel-288\" \/><\/span>\n<\/p>\n<p><span class=\"wpcf7-form-control-wrap\" data-name=\"your-message\"><textarea cols=\"40\" rows=\"10\" maxlength=\"2000\" class=\"wpcf7-form-control wpcf7-textarea\" aria-invalid=\"false\" placeholder=\"Messaggio*\" name=\"your-message\"><\/textarea><\/span>\n<\/p>\n<p><label>Carica la documentazione (opzionale)<br \/>\n<span class=\"wpcf7-form-control-wrap\" data-name=\"file-821\"><input size=\"40\" class=\"wpcf7-form-control wpcf7-file\" accept=\".pdf,.doc,.docx\" aria-invalid=\"false\" type=\"file\" name=\"file-821\" \/><\/span><\/label>\n<\/p>\n<p><input class=\"wpcf7-form-control wpcf7-submit has-spinner\" type=\"submit\" value=\"Invia Messaggio\" \/>\n<\/p><div class=\"wpcf7-response-output\" aria-hidden=\"true\"><\/div>\n<\/form>\n<\/div>\n<\/div><\/div><\/div><\/div><\/div><\/section>\n","protected":false},"excerpt":{"rendered":"Lo Studio \u201cUn diritto non \u00e8 ci\u00f2 che ti viene dato da qualcuno; \u00e8 ci\u00f2 che nessuno pu\u00f2 toglierti.\u201d Lo Studio Cutolo&amp;Partners ha la sede principale a San Gennaro Vesuviano (NA), in via Ottaviano, 147 e studi a San Giuseppe Vesuviano (NA). Il nostro pregio: la capacit\u00e0 di ascoltare il cliente e di dargli l&#8217;attenzione...","protected":false},"author":1,"featured_media":0,"parent":0,"menu_order":0,"comment_status":"closed","ping_status":"closed","template":"","meta":{"footnotes":""},"class_list":["post-6032","page","type-page","status-publish","hentry"],"_links":{"self":[{"href":"https:\/\/studiolegalecutolo.com\/index.php?rest_route=\/wp\/v2\/pages\/6032","targetHints":{"allow":["GET"]}}],"collection":[{"href":"https:\/\/studiolegalecutolo.com\/index.php?rest_route=\/wp\/v2\/pages"}],"about":[{"href":"https:\/\/studiolegalecutolo.com\/index.php?rest_route=\/wp\/v2\/types\/page"}],"author":[{"embeddable":true,"href":"https:\/\/studiolegalecutolo.com\/index.php?rest_route=\/wp\/v2\/users\/1"}],"replies":[{"embeddable":true,"href":"https:\/\/studiolegalecutolo.com\/index.php?rest_route=%2Fwp%2Fv2%2Fcomments&post=6032"}],"version-history":[{"count":19,"href":"https:\/\/studiolegalecutolo.com\/index.php?rest_route=\/wp\/v2\/pages\/6032\/revisions"}],"predecessor-version":[{"id":6196,"href":"https:\/\/studiolegalecutolo.com\/index.php?rest_route=\/wp\/v2\/pages\/6032\/revisions\/6196"}],"wp:attachment":[{"href":"https:\/\/studiolegalecutolo.com\/index.php?rest_route=%2Fwp%2Fv2%2Fmedia&parent=6032"}],"curies":[{"name":"wp","href":"https:\/\/api.w.org\/{rel}","templated":true}]}}